{"id":18243,"date":"2020-03-09T21:42:18","date_gmt":"2020-03-09T19:42:18","guid":{"rendered":"http:\/\/pmaria-malberta.org\/?page_id=18243"},"modified":"2020-03-09T21:42:18","modified_gmt":"2020-03-09T19:42:18","slug":"media-tecnica-2","status":"publish","type":"page","link":"https:\/\/pmaria-vv.org\/?page_id=18243","title":{"rendered":"Media T\u00e9cnica"},"content":{"rendered":"<h3><span style=\"color: #000000;\">La U.E.Madre Alberta Gim\u00e9nez Fe y Alegr\u00eda ofrece:<\/span><\/h3>\n<h3 style=\"text-align: center;\"><span style=\"color: #000000;\">Bachillerato T\u00e9cnico en Contabilidad, Inform\u00e1tica y Mec\u00e1nica de Mantenimiento.<\/span><\/h3>\n<h3><span style=\"color: #000000;\"><img loading=\"lazy\" decoding=\"async\" class=\"alignnone wp-image-18441 size-large\" src=\"https:\/\/pmaria-malberta.org\/wp-content\/uploads\/2020\/03\/Foto12-1024x768.jpg\" alt=\"\" width=\"1024\" height=\"768\" \/><\/span><\/h3>\n<h3><span style=\"color: #000000;\">Utilizamos las\u00a0destrezas de pensamiento:\u00a0pretendemos qu<\/span><span style=\"color: #000000;\">e los alumnos aprendan y que ese aprendizaje sea significativo y sea transferido a la vida cotidiana. Para ello es necesario que los alumnos piensen, que sean competentes, que desarrollen h\u00e1bitos de pensamiento \u00fatiles.<\/span><\/h3>\n<h3><span style=\"color: #000000;\">Apostamos por educar en la libertad, ayudando a los ni\u00f1os y j\u00f3venes a que construyan convicciones y criterios firmes, ense\u00f1\u00e1ndoles a pensar, discernir y elegir lo mejor de manera responsable, \u201cque por s\u00ed mismos huyan del mal y anhelen el bien (M.Alberta)<\/span><\/h3>\n<h3><span style=\"color: #000000;\">Favorecemos el trabajo cooperativo y la solidaridad frente a la competitividad.<\/span><\/h3>\n<h3><span style=\"color: #000000;\"><img loading=\"lazy\" decoding=\"async\" class=\"alignnone wp-image-18464 size-large\" src=\"https:\/\/pmaria-malberta.org\/wp-content\/uploads\/2020\/04\/IMG_2500-1024x768.jpg\" alt=\"\" width=\"1024\" height=\"768\" \/><\/span><\/h3>\n<h3><span style=\"color: #000000;\">Privilegiamos el aprendizaje de culturas diferentes, el acercamiento respetuoso a otras visiones del mundo y de la vida y la formaci\u00f3n en el esp\u00edritu cr\u00edtico para discernir los valores que humanizan.<\/span><\/h3>\n<h3><span style=\"color: #000000;\">Queremos que nuestros estudiantes tengan las herramientas t\u00e9cnicas y \u00e9ticas para saber utilizar bien todos los medios tecnol\u00f3gicos y de comunicaci\u00f3n que est\u00e9n a su alcance.<\/span><\/h3>\n<p>En Formaci\u00f3n Humano Cristiana, una hora semanal en un trimestre trabajamos Educaci\u00f3n en el Amor con TEEN STAR.<\/p>\n<p>Teen STAR es un programa de educaci\u00f3n afectivo sexual para adolescentes y adultos j\u00f3venes. El objetivo principal de este programa es ayudar a nuestros j\u00f3venes a dar respuesta a muchas de las preguntas que se plantean sobre la amistad, el amor, la fecundidad y la sexualidad.<\/p>\n<p>El nombre del programa lo explica en ingl\u00e9s :<\/p>\n<p>Teen \u2013 Adolescente.<br \/>\nSexual- Sexual.<br \/>\nTeaching \u2013 Educaci\u00f3n.<br \/>\nAdult \u2013 Adulta.<br \/>\nResponsability \u2013 Responsabilidad.<br \/>\nAdolescente \u2013 Educaci\u00f3n Sexual en un contexto de Responsabilidad Adulta.<br \/>\nTeen STAR entiende que las personas somos un todo y distingue cinco aspectos de esta totalidad que somos:<\/p>\n<p>Emocional: nuestros sentimientos y emociones que debemos entender e integrar.<br \/>\nF\u00edsico: nuestro cuerpo, para qu\u00e9 est\u00e1 hecho, su significado.<br \/>\nIntelectual: todo lo que somos capaces de razonar y comprender.<br \/>\nEspiritual: somos cuerpo y alma tambi\u00e9n.<br \/>\nSocial: desde que nacemos vivimos en una comunidad de personas.<br \/>\nLas claves del \u00e9xito de nuestro programa se pueden resumir en estos puntos:<\/p>\n<p>Atenci\u00f3n personalizada: trabajamos con grupos poco numerosos.<br \/>\nLa confidencialidad entre alumnos y monitores: favorece que todos hablemos con libertad sobre los temas que se planteen en las sesiones.<br \/>\nEl tiempo: la duraci\u00f3n del programa es como m\u00ednimo de seis meses haciendo sesiones semanales de 60 \u2013 90 minutos.<br \/>\nEntrevistas individuales con el monitor que se prefiera: cada alumno decidir\u00e1 con qu\u00e9 monitor desea entrevistarse o hacer alguna consulta m\u00e1s personal.<\/p>\n<p><img loading=\"lazy\" decoding=\"async\" class=\"alignnone wp-image-18442 size-large\" src=\"https:\/\/pmaria-malberta.org\/wp-content\/uploads\/2020\/03\/Foto13-1024x768.jpg\" alt=\"\" width=\"1024\" height=\"768\" \/><\/p>\n","protected":false},"excerpt":{"rendered":"<p>La U.E.Madre Alberta Gim\u00e9nez Fe y Alegr\u00eda ofrece: Bachillerato T\u00e9cnico en Contabilidad, Inform\u00e1tica y Mec\u00e1nica de Mantenimiento. Utilizamos las\u00a0destrezas de pensamiento:\u00a0pretendemos que los alumnos aprendan y que ese aprendizaje sea significativo y sea transferido a la vida cotidiana. Para ello es necesario que los alumnos&#8230;<\/p>\n","protected":false},"author":1,"featured_media":0,"parent":0,"menu_order":0,"comment_status":"closed","ping_status":"closed","template":"","meta":{"footnotes":""},"class_list":["post-18243","page","type-page","status-publish","hentry"],"_links":{"self":[{"href":"https:\/\/pmaria-vv.org\/index.php?rest_route=\/wp\/v2\/pages\/18243","targetHints":{"allow":["GET"]}}],"collection":[{"href":"https:\/\/pmaria-vv.org\/index.php?rest_route=\/wp\/v2\/pages"}],"about":[{"href":"https:\/\/pmaria-vv.org\/index.php?rest_route=\/wp\/v2\/types\/page"}],"author":[{"embeddable":true,"href":"https:\/\/pmaria-vv.org\/index.php?rest_route=\/wp\/v2\/users\/1"}],"replies":[{"embeddable":true,"href":"https:\/\/pmaria-vv.org\/index.php?rest_route=%2Fwp%2Fv2%2Fcomments&post=18243"}],"version-history":[{"count":0,"href":"https:\/\/pmaria-vv.org\/index.php?rest_route=\/wp\/v2\/pages\/18243\/revisions"}],"wp:attachment":[{"href":"https:\/\/pmaria-vv.org\/index.php?rest_route=%2Fwp%2Fv2%2Fmedia&parent=18243"}],"curies":[{"name":"wp","href":"https:\/\/api.w.org\/{rel}","templated":true}]}}